{"id":101266,"date":"2020-07-31T18:26:19","date_gmt":"2020-07-31T22:26:19","guid":{"rendered":"https:\/\/www.eltrabajo.cl\/portal\/password-reset\/"},"modified":"2021-03-12T22:40:31","modified_gmt":"2021-03-13T01:40:31","slug":"password-reset","status":"publish","type":"page","link":"https:\/\/eltrabajo.cl\/portal\/password-reset\/","title":{"rendered":"Nueva Contrase\u00f1a"},"content":{"rendered":"\n<form id=\"pms_recover_password_form\" class=\"pms-form \"  method=\"post\" action=\"\">\n\n    <input type=\"hidden\" id=\"pmstkn\" name=\"pmstkn\" value=\"05609c0045\" \/><input type=\"hidden\" name=\"_wp_http_referer\" value=\"\/portal\/wp-json\/wp\/v2\/pages\/101266\" \/>\n    <p>Por favor ingrese su nombre de usuario o direcci\u00f3n de correo electr\u00f3nico.\n<br \/>Recibir\u00e1 un enlace para crear una nueva contrase\u00f1a por correo electr\u00f3nico.<\/p>\n    <ul class=\"pms-form-fields-wrapper\">\n\n        \n                <li class=\"pms-field \">\n            <label for=\"pms_username_email\">Nombre de Usuario o Correo Electr\u00f3nico<\/label>\n            <input id=\"pms_username_email\" name=\"pms_username_email\" type=\"text\" value=\"\" \/>\n\n                    <\/li>\n\n        \n    <\/ul>\n\n    \n    <input type=\"submit\" name=\"wp-submit\" value=\"Restablecer Contrase\u00f1a\"\/>\n\n<\/form>\n\n\n\n\n","protected":false},"excerpt":{"rendered":"","protected":false},"author":482,"featured_media":0,"parent":0,"menu_order":0,"comment_status":"closed","ping_status":"closed","template":"","meta":{"advanced_seo_description":"","jetpack_seo_html_title":"","jetpack_seo_noindex":false,"footnotes":""},"class_list":["post-101266","page","type-page","status-publish","hentry"],"jetpack_sharing_enabled":true,"jetpack_likes_enabled":true,"jetpack-related-posts":[],"_links":{"self":[{"href":"https:\/\/eltrabajo.cl\/portal\/wp-json\/wp\/v2\/pages\/101266","targetHints":{"allow":["GET"]}}],"collection":[{"href":"https:\/\/eltrabajo.cl\/portal\/wp-json\/wp\/v2\/pages"}],"about":[{"href":"https:\/\/eltrabajo.cl\/portal\/wp-json\/wp\/v2\/types\/page"}],"author":[{"embeddable":true,"href":"https:\/\/eltrabajo.cl\/portal\/wp-json\/wp\/v2\/users\/482"}],"replies":[{"embeddable":true,"href":"https:\/\/eltrabajo.cl\/portal\/wp-json\/wp\/v2\/comments?post=101266"}],"version-history":[{"count":0,"href":"https:\/\/eltrabajo.cl\/portal\/wp-json\/wp\/v2\/pages\/101266\/revisions"}],"wp:attachment":[{"href":"https:\/\/eltrabajo.cl\/portal\/wp-json\/wp\/v2\/media?parent=101266"}],"curies":[{"name":"wp","href":"https:\/\/api.w.org\/{rel}","templated":true}]}}