{"id":101464,"date":"2020-08-03T22:55:22","date_gmt":"2020-08-04T02:55:22","guid":{"rendered":"https:\/\/www.eltrabajo.cl\/portal\/?page_id=101464"},"modified":"2021-03-12T22:37:13","modified_gmt":"2021-03-13T01:37:13","slug":"partida","status":"publish","type":"page","link":"https:\/\/eltrabajo.cl\/portal\/partida\/","title":{"rendered":"Iniciar Sesi\u00f3n"},"content":{"rendered":"<p>Ingresa el nombre de usuario y contrase\u00f1a con que te registraste. Si no est\u00e1s registrado, hazlo <a href=\"https:\/\/eltrabajo.cl\/portal\/regism\/\">aqu\u00ed<\/a>. Si olvidaste tu contrase\u00f1a, puedes restablecerla <a href=\"https:\/\/eltrabajo.cl\/portal\/password-reset\/\">aqu\u00ed<\/a>.<\/p>\n<p>[pms-login redirect_url = \u00abhttps:\/\/eltrabajo.cl\/portal\/account\u00bb]<\/p>\n<p>&nbsp;<\/p>\n<p>&nbsp;<\/p>\n","protected":false},"excerpt":{"rendered":"<p>Ingresa el nombre de usuario y contrase\u00f1a con que te registraste. Si no est\u00e1s registrado, hazlo aqu\u00ed. Si olvidaste tu contrase\u00f1a, puedes restablecerla aqu\u00ed. [pms-login redirect_url = \u00abhttps:\/\/eltrabajo.cl\/portal\/account\u00bb] &nbsp; &nbsp;<\/p>\n","protected":false},"author":482,"featured_media":0,"parent":0,"menu_order":0,"comment_status":"closed","ping_status":"closed","template":"","meta":{"advanced_seo_description":"","jetpack_seo_html_title":"","jetpack_seo_noindex":false,"footnotes":""},"class_list":["post-101464","page","type-page","status-publish","hentry"],"jetpack_sharing_enabled":true,"jetpack_likes_enabled":true,"jetpack-related-posts":[],"_links":{"self":[{"href":"https:\/\/eltrabajo.cl\/portal\/wp-json\/wp\/v2\/pages\/101464","targetHints":{"allow":["GET"]}}],"collection":[{"href":"https:\/\/eltrabajo.cl\/portal\/wp-json\/wp\/v2\/pages"}],"about":[{"href":"https:\/\/eltrabajo.cl\/portal\/wp-json\/wp\/v2\/types\/page"}],"author":[{"embeddable":true,"href":"https:\/\/eltrabajo.cl\/portal\/wp-json\/wp\/v2\/users\/482"}],"replies":[{"embeddable":true,"href":"https:\/\/eltrabajo.cl\/portal\/wp-json\/wp\/v2\/comments?post=101464"}],"version-history":[{"count":0,"href":"https:\/\/eltrabajo.cl\/portal\/wp-json\/wp\/v2\/pages\/101464\/revisions"}],"wp:attachment":[{"href":"https:\/\/eltrabajo.cl\/portal\/wp-json\/wp\/v2\/media?parent=101464"}],"curies":[{"name":"wp","href":"https:\/\/api.w.org\/{rel}","templated":true}]}}