{"id":102116,"date":"2020-08-17T00:43:45","date_gmt":"2020-08-17T04:43:45","guid":{"rendered":"https:\/\/www.eltrabajo.cl\/portal\/?page_id=102116"},"modified":"2022-05-24T23:15:38","modified_gmt":"2022-05-25T03:15:38","slug":"salir","status":"publish","type":"page","link":"https:\/\/eltrabajo.cl\/portal\/salir\/","title":{"rendered":"Salir"},"content":{"rendered":"<hr \/>\n<h4 style=\"text-align: justify\">Lo sentimos. Este contenido est\u00e1 restringido para usuarios no registrados en alguno de nuestros <strong><span style=\"color: #ff0000\"><a style=\"color: #ff0000\" href=\"https:\/\/eltrabajo.cl\/portal\/regism\/\">Planes de Suscripci\u00f3n<\/a><\/span><\/strong>. Si deseas registrarte o renovar tu suscripci\u00f3n, puedes hacerlo v\u00eda transferencia bancaria haciendo click <span style=\"color: #ff0000\"><a style=\"color: #ff0000\" href=\"https:\/\/eltrabajo.cl\/portal\/transfer\/\">aqu\u00ed<\/a>.<\/span><\/h4>\n<p>&nbsp;<\/p>\n<h4 style=\"text-align: center\">Recuerda registrarte y suscribirte a Diario EL TRABAJO.<br \/>\nNuestros suscriptores no ven este mensaje.<br \/>\n(Por ahora contin\u00faa disfrutando la lectura)<\/h4>\n<hr \/>\n<p>&nbsp;<\/p>\n","protected":false},"excerpt":{"rendered":"<p>Lo sentimos. Este contenido est\u00e1 restringido para usuarios no registrados en alguno de nuestros Planes de Suscripci\u00f3n. Si deseas registrarte o renovar tu suscripci\u00f3n, puedes hacerlo v\u00eda transferencia bancaria haciendo click aqu\u00ed&#8230;.<\/p>\n","protected":false},"author":482,"featured_media":0,"parent":0,"menu_order":0,"comment_status":"closed","ping_status":"closed","template":"","meta":{"advanced_seo_description":"","jetpack_seo_html_title":"","jetpack_seo_noindex":false,"footnotes":""},"class_list":["post-102116","page","type-page","status-publish","hentry"],"jetpack_sharing_enabled":true,"jetpack_likes_enabled":true,"jetpack-related-posts":[],"_links":{"self":[{"href":"https:\/\/eltrabajo.cl\/portal\/wp-json\/wp\/v2\/pages\/102116","targetHints":{"allow":["GET"]}}],"collection":[{"href":"https:\/\/eltrabajo.cl\/portal\/wp-json\/wp\/v2\/pages"}],"about":[{"href":"https:\/\/eltrabajo.cl\/portal\/wp-json\/wp\/v2\/types\/page"}],"author":[{"embeddable":true,"href":"https:\/\/eltrabajo.cl\/portal\/wp-json\/wp\/v2\/users\/482"}],"replies":[{"embeddable":true,"href":"https:\/\/eltrabajo.cl\/portal\/wp-json\/wp\/v2\/comments?post=102116"}],"version-history":[{"count":0,"href":"https:\/\/eltrabajo.cl\/portal\/wp-json\/wp\/v2\/pages\/102116\/revisions"}],"wp:attachment":[{"href":"https:\/\/eltrabajo.cl\/portal\/wp-json\/wp\/v2\/media?parent=102116"}],"curies":[{"name":"wp","href":"https:\/\/api.w.org\/{rel}","templated":true}]}}