{"id":103476,"date":"2020-10-19T11:41:14","date_gmt":"2020-10-19T14:41:14","guid":{"rendered":"https:\/\/www.eltrabajo.cl\/portal\/?page_id=103476"},"modified":"2022-04-11T23:03:31","modified_gmt":"2022-04-12T03:03:31","slug":"transfer","status":"publish","type":"page","link":"https:\/\/eltrabajo.cl\/portal\/transfer\/","title":{"rendered":"Paga por transferencia"},"content":{"rendered":"<p>Si deseas renovar tu suscripci\u00f3n, puedes hacerlo v\u00eda transferencia bancaria a la cuenta corriente:<\/p>\n<p>Soc. de Comunicaciones El Trabajo Ltda.<br \/>\nRut: 76.066.363-8<br \/>\nCta Cte. 40058059<br \/>\nBanco Scotiabank<br \/>\nCorreo: marcoajuric@gmail.com<\/p>\n<p><strong><span style=\"color: #ff0000;\">IMPORTANTE:<\/span><\/strong> Una vez realizada la transferencia, completa el formulario m\u00e1s abajo seleccionando s\u00f3lo uno de los planes, ingresa un nombre de usuario, un correo v\u00e1lido y una contrase\u00f1a.<br \/>\nFinalmente ll\u00e1manos o env\u00eda un WhatsApp al <img data-recalc-dims=\"1\" loading=\"lazy\" decoding=\"async\" class=\"alignnone wp-image-106705\" src=\"https:\/\/i0.wp.com\/eltrabajo.cl\/portal\/wp-content\/uploads\/2021\/03\/whatsapp.jpg?resize=29%2C23&#038;ssl=1\" alt=\"\" width=\"29\" height=\"23\" srcset=\"https:\/\/i0.wp.com\/eltrabajo.cl\/portal\/wp-content\/uploads\/2021\/03\/whatsapp.jpg?resize=190%2C150&amp;ssl=1 190w, https:\/\/i0.wp.com\/eltrabajo.cl\/portal\/wp-content\/uploads\/2021\/03\/whatsapp.jpg?resize=300%2C237&amp;ssl=1 300w, https:\/\/i0.wp.com\/eltrabajo.cl\/portal\/wp-content\/uploads\/2021\/03\/whatsapp.jpg?resize=485%2C360&amp;ssl=1 485w, https:\/\/i0.wp.com\/eltrabajo.cl\/portal\/wp-content\/uploads\/2021\/03\/whatsapp.jpg?w=563&amp;ssl=1 563w\" sizes=\"auto, (max-width: 29px) 100vw, 29px\" \/><strong>+56984795521<\/strong> para tu activaci\u00f3n inmediata.<\/p>\n<div data-test='contact-form'\n\t\t\tid='contact-form-103476'\n\t\t\tclass='jetpack-contact-form-container '\n\t\t\tdata-wp-interactive='jetpack\/form' data-wp-context='{\"formId\":\"103476\",\"formHash\":\"1cb4b81fdd751040c596c633c2e2c1a117dcb3b0\",\"showErrors\":false,\"errors\":[],\"fields\":[],\"isMultiStep\":false,\"useAjax\":true,\"submissionData\":null,\"formattedSubmissionData\":[],\"submissionSuccess\":false,\"submissionError\":null,\"elementId\":\"jp-form-1cb4b81fdd751040c596c633c2e2c1a117dcb3b0\",\"isSingleInputForm\":false,\"isForcedHorizontal\":false}'\n\t\t\tdata-wp-watch--scroll-to-wrapper=\"callbacks.scrollToWrapper\"\n\t\t>\n<div class=\"contact-form-submission contact-form-ajax-submission\" data-wp-bind--aria-hidden=\"state.isSuccessMessageAriaHidden\" data-wp-class--submission-success=\"context.submissionSuccess\" id=\"contact-form-success-1cb4b81fdd751040c596c633c2e2c1a117dcb3b0\" tabindex=\"-1\" aria-labelledby=\"contact-form-success-header-1cb4b81fdd751040c596c633c2e2c1a117dcb3b0\"><p class=\"go-back-message\"><a class=\"link\" role=\"button\" tabindex=\"0\" data-wp-on--click=\"actions.goBack\" href=\"\/portal\/wp-json\/wp\/v2\/pages\/103476\">\u2190 Volver<\/a><\/p><h4 data-wp-bind--aria-hidden=\"state.isSuccessMessageAriaHidden\" id=\"contact-form-success-header-1cb4b81fdd751040c596c633c2e2c1a117dcb3b0\">Gracias por tu respuesta. \u2728<\/h4>\n\n<template data-wp-each--submission=\"context.formattedSubmissionData\">\n\t\t\t\t\t<div class=\"jetpack_forms_contact-form-success-summary\">\n\t\t\t\t\t\t<div class=\"field-name-wrapper\">\n\t\t\t\t\t\t\t<div class=\"field-type-icon\" data-wp-watch=\"callbacks.watchFieldTypeIcon\"><\/div>\n\t\t\t\t\t\t\t<div class=\"field-name\" data-wp-text=\"context.submission.label\" data-wp-bind--hidden=\"!context.submission.label\"><\/div>\n\t\t\t\t\t\t<\/div>\n\t\t\t\t\t\t<div class=\"field-value\" data-wp-text=\"context.submission.value\" data-wp-bind--hidden=\"!context.submission.showPlainValue\"><\/div>\n\t\t\t\t\t\t<a class=\"field-url\" data-wp-bind--href=\"context.submission.url\" data-wp-text=\"context.submission.value\" data-wp-bind--hidden=\"!context.submission.url\" target=\"_blank\" rel=\"noopener noreferrer\"><\/a>\n\t\t\t\t\t\t<div class=\"field-rating\" data-wp-bind--hidden=\"!context.submission.rating\" data-wp-watch=\"callbacks.watchRatingIcons\"><\/div>\n\t\t\t\t\t\t<div class=\"field-images\" data-wp-bind--hidden=\"!context.submission.images\">\n\t\t\t\t\t\t\t<template data-wp-each--image=\"context.submission.images\">\n\t\t\t\t\t\t\t\t<div class=\"field-image-option\" data-wp-class--is-empty=\"!context.image.src\">\n\t\t\t\t\t\t\t\t\t<figure class=\"field-image-option__image\" data-wp-class--is-empty=\"!context.image.src\">\n\t\t\t\t\t\t\t\t\t\t<img data-wp-bind--src=\"context.image.src\" data-wp-bind--hidden=\"!context.image.src\" \/>\n\t\t\t\t\t\t\t\t\t\t<img decoding=\"async\" src=\"data:image\/gif;base64,R0lGODlhAQABAAD\/ACwAAAAAAQABAAACADs=\" data-wp-bind--hidden=\"context.image.src\" \/>\n\t\t\t\t\t\t\t\t\t<\/figure>\n\t\t\t\t\t\t\t\t\t<div class=\"field-image-option__label-wrapper\">\n\t\t\t\t\t\t\t\t\t\t<span class=\"field-image-option__label-code\" data-wp-text=\"context.image.letterCode\"><\/span>\n\t\t\t\t\t\t\t\t\t\t<span class=\"field-image-option__label\" data-wp-text=\"context.image.label\" data-wp-bind--hidden=\"!context.image.label\"><\/span>\n\t\t\t\t\t\t\t\t\t<\/div>\n\t\t\t\t\t\t\t\t<\/div>\n\t\t\t\t\t\t\t<\/template>\n\t\t\t\t\t\t<\/div>\n\t\t\t\t\t\t<div class=\"field-files\" data-wp-bind--hidden=\"!context.submission.files\">\n\t\t\t\t\t\t\t<template data-wp-each--file=\"context.submission.files\">\n\t\t\t\t\t\t\t\t<div class=\"field-file\">\n\t\t\t\t\t\t\t\t\t<div class=\"field-file__thumbnail\" data-wp-style--background-image=\"context.file.previewUrl\" data-wp-style--mask-image=\"context.file.iconUrl\" data-wp-bind--hidden=\"!context.file.hasPreview\"><\/div>\n\t\t\t\t\t\t\t\t\t<svg class=\"field-file__icon\" data-wp-bind--hidden=\"context.file.hasPreview\" width=\"20\" height=\"20\" viewBox=\"0 0 24 24\" fill=\"none\" xmlns=\"http:\/\/www.w3.org\/2000\/svg\" aria-hidden=\"true\">\n\t\t\t\t\t\t\t\t\t\t<path d=\"M14 2H6C4.9 2 4 2.9 4 4V20C4 21.1 4.89 22 5.99 22H18C19.1 22 20 21.1 20 20V8L14 2ZM18 20H6V4H13V9H18V20Z\" fill=\"currentColor\"\/>\n\t\t\t\t\t\t\t\t\t<\/svg>\n\t\t\t\t\t\t\t\t\t<span class=\"field-file__name\" data-wp-text=\"context.file.name\"><\/span>\n\t\t\t\t\t\t\t\t\t<span class=\"field-file__size\" data-wp-text=\"context.file.size\"><\/span>\n\t\t\t\t\t\t\t\t<\/div>\n\t\t\t\t\t\t\t<\/template>\n\t\t\t\t\t\t<\/div>\n\t\t\t\t\t<\/div>\n\t\t\t\t<\/template><\/div><form action='https:\/\/eltrabajo.cl\/portal\/transfer\/'\n\t\t\t\tid='jp-form-1cb4b81fdd751040c596c633c2e2c1a117dcb3b0'\n\t\t\t\tmethod='post'\n\t\t\t\tclass='contact-form commentsblock jetpack-contact-form__form has-no-jetpack-form-layout' aria-label=\"Paga por transferencia\"\n\t\t\t\tdata-wp-on--submit=\"actions.onFormSubmit\"\n\t\t\t\tdata-wp-on--reset=\"actions.onFormReset\"\n\t\t\t\tdata-wp-class--submission-success=\"context.submissionSuccess\"\n\t\t\t\tdata-wp-class--is-first-step=\"state.isFirstStep\"\n\t\t\t\tdata-wp-class--is-last-step=\"state.isLastStep\"\n\t\t\t\tdata-wp-class--is-ajax-form=\"context.useAjax\"\n\t\t\t\tnovalidate >\n<input type='hidden' name='jetpack_contact_form_jwt' value='eyJ0eXAiOiJKV1QiLCJhbGciOiJIUzI1NiJ9.eyJlbmNyeXB0ZWRfYXR0cmlidXRlcyI6IjhhRUthcTJlQm5xZkJvYVU4RmxDcjdBNWNoTGl2K2JXbGFEbUJYcldoeElpTnQ1YVRVcnFUQTFQUzUvSm13TnRQekhvb2FZbHpwb3UrNUI4SThIV1piSk5hQnZIVW5BUVpjRUxha3czMERvK25iTlR1ZVVvT2tBczNESjFCRjJVSGFVSExOcmNFcEhmMERFYzFKSmM3LzdpMkJSSkF5UFdDMmxXa3RMbnhqSS9WeXd6aWRDQnBrVy8xbTkxaGdkc2VZZnhqKzUzbmV3M1FwdU1VcXVRN0hLWk9iMFgzWW5nZXpCY2ZNM2xaVVA5S1pieEdtb0FZd2t3VW85MTlzWXAyOUJNdUdlM2FFaXB5Y1dobUJyQUZsUnIvaTFIZmt0SS84T2hEaVNNaDRFUzlhcTZOOFlnYTdjM09Bam5ueEZsSDdJUjBsSS9zeFR6Z05CZ3k5VHB3Ty9zTE13clltU3Zka3ZWRGZTL1RRZkw4MkZndEFwMlk2TTU5MzlZcjYzaEwyRS9EVGxNbWhlTS9pV214bWwranlYNVp2SUJDMlpyMVBEb0xmazNuNGRrQlVXVEF2enZFUUpNSEhXQitHV2V5VzNvSDBKT2U2bjVkQ2ZvcEFnUk02OHF6STdWNGFOZzJKdlBBSDRSallTb1M4U29MN0IwU3JZQnhZNDZrK21GQWYxQmlDMk5nTGRvN0hUcmYxUFdFeW95bHFDREcwUlQya0srRzlrdjFNSGdIZklFVHk3clJYQ3NxdFV1YXFJMENlcy9tNEdubVNIZmN6TWZCaml0TTgyWXFiby8vWHEzbWZ1VDZJTUxSNXRYbjBNWW9ZUjVOQlNvdmRKQXp4cHBCc1lWMnk1U2FGeWd4YWZmSVMyOW9kVnp5NW5USDFhMDdoS3VCcytkOERncW5URUdYbVFJaE1sWitvV1QrWGNTWjByekd1QU80VXZiMkxQbzB4TUNtQUR4YjFFbnZDZ3I3QytVRi9oWml3S3hrSFd6QUtFK3p1NlVWd05uaWg5T1lWbWVQTDhpVVNzQmkwV0xkV2syK05lWTBncHNkbGlnczAycmV3REVpaDFpRndiY3pqTGloUGZ6cFhwQVI2MDBqenlzKys5cFE1cTVSOE5xRnNuZHF4Ym8xMjVUMmh4c3BUaHVxMDM4R1dnVi9yZjk4cjc5cjVsMEJ4QT0iLCJjb250ZW50IjoiW2NvbnRhY3QtZmllbGQgbGFiZWw9XCJQbGFuIChFbGlnZSBzXHUwMGYzbG8gdW5vKSBcIiB0eXBlPVwiY2hlY2tib3gtbXVsdGlwbGVcIiByZXF1aXJlZD1cIjFcIiBvcHRpb25zPVwiTWVuc3VhbCAkIDIuNTAwLi0gRm9ybWF0byBKUEcsVHJpbWVzdHJhbCAkIDE1LjcwMC4tIERlc2NhcmdhcyAtIEZvcm1hdG9zIEpQRyB5IFBERixTZW1lc3RyYWwgJCA0NS4wMDAuLSBFZGljaW9uZXMgYW50ZXJpb3JlcyAtIERlc2NhcmdhcyAtIEZvcm1hdG9zIEpQRyB5IFBERixBbnVhbCAkIDg4LjAwMC4tIEVkaWNpb25lcyBhbnRlcmlvcmVzIC0gRGVzY2FyZ2FzIC0gRm9ybWF0b3MgSlBHIHkgUERGXCJdW2NvbnRhY3QtZmllbGQgbGFiZWw9XCJVc3VhcmlvXCIgdHlwZT1cIm5hbWVcIiByZXF1aXJlZD1cIjFcIl1bY29udGFjdC1maWVsZCBsYWJlbD1cIkNvcnJlbyBlbGVjdHJcdTAwZjNuaWNvXCIgdHlwZT1cImVtYWlsXCIgcmVxdWlyZWQ9XCIxXCJdW2NvbnRhY3QtZmllbGQgbGFiZWw9XCJDb250cmFzZVx1MDBmMWFcIiB0eXBlPVwibmFtZVwiIHJlcXVpcmVkPVwiMVwiXSIsImhhc2giOiIxY2I0YjgxZmRkNzUxMDQwYzU5NmM2MzNjMmUyYzFhMTE3ZGNiM2IwIiwic291cmNlIjp7ImVudHJ5X3RpdGxlIjoiUGFnYSBwb3IgdHJhbnNmZXJlbmNpYSIsImVudHJ5X3BhZ2UiOjEsInNvdXJjZV9pZCI6MTAzNDc2LCJzb3VyY2VfdHlwZSI6InNpbmdsZSIsInJlcXVlc3RfdXJsIjoiaHR0cHM6Ly9lbHRyYWJham8uY2wvcG9ydGFsL3dwLWpzb24vd3AvdjIvcGFnZXMvMTAzNDc2In0sInZlcnNpb24iOjIsImNpcGhlciI6ImFlcy0yNTYtZ2NtIn0.Nd5A5v-5u_ahzpsbA5Y3NDuNdR4DpwW-x7Cwb5RuJts' \/>\n\n<div style=\"\"  data-wp-interactive=\"jetpack\/form\" data-wp-context='{\"fieldId\":\"g103476-planeligeslouno\",\"fieldType\":\"checkbox-multiple\",\"fieldLabel\":\"Plan (Elige s\\u00f3lo uno) \",\"fieldValue\":\"\",\"fieldPlaceholder\":\"\",\"fieldIsRequired\":\"1\",\"fieldErrorMessage\":\"\",\"fieldExtra\":[],\"formHash\":\"1cb4b81fdd751040c596c633c2e2c1a117dcb3b0\"}'  class='grunion-field-checkbox-multiple-wrap grunion-field-wrap'  data-wp-init='callbacks.initializeField' data-wp-on--jetpack-form-reset='callbacks.initializeField' >\n<fieldset id='g103476-planeligeslouno-label' class='jetpack-field-multiple__fieldset'data-required data-wp-bind--aria-invalid=\"state.fieldAriaInvalid\"><legend class=\"grunion-field-label\" ><span class=\"grunion-label-text\">Plan (Elige s\u00f3lo uno) <\/span><span class=\"grunion-label-required\">(obligatorio)<\/span><\/legend>\n<div class='grunion-checkbox-multiple-options ' style='' ><label class='contact-form-field'><input\n\t\t\t\t\t\t\t\tid='g103476-planeligeslouno-Mensual2500-FormatoJPG'\n\t\t\t\t\t\t\t\tdata-wp-on--change='actions.onMultipleFieldChange'\n\t\t\t\t\t\t\t\ttype='checkbox'\n\t\t\t\t\t\t\t\tname='g103476-planeligeslouno[]'\n\t\t\t\t\t\t\t\tvalue='Mensual $ 2.500.- Formato JPG' class='checkbox-multiple  grunion-field'  \/> <span style=\"\" class='grunion-checkbox-multiple-label checkbox-multiple'><span class='grunion-field-text'>Mensual $ 2.500.- Formato JPG<\/span><\/span><\/label><label class='contact-form-field'><input\n\t\t\t\t\t\t\t\tid='g103476-planeligeslouno-Trimestral15700-Descargas-FormatosJPGyPDF'\n\t\t\t\t\t\t\t\tdata-wp-on--change='actions.onMultipleFieldChange'\n\t\t\t\t\t\t\t\ttype='checkbox'\n\t\t\t\t\t\t\t\tname='g103476-planeligeslouno[]'\n\t\t\t\t\t\t\t\tvalue='Trimestral $ 15.700.- Descargas - Formatos JPG y PDF' class='checkbox-multiple  grunion-field'  \/> <span style=\"\" class='grunion-checkbox-multiple-label checkbox-multiple'><span class='grunion-field-text'>Trimestral $ 15.700.- Descargas - Formatos JPG y PDF<\/span><\/span><\/label><label class='contact-form-field'><input\n\t\t\t\t\t\t\t\tid='g103476-planeligeslouno-Semestral45000-Edicionesanteriores-Descargas-FormatosJPGyPDF'\n\t\t\t\t\t\t\t\tdata-wp-on--change='actions.onMultipleFieldChange'\n\t\t\t\t\t\t\t\ttype='checkbox'\n\t\t\t\t\t\t\t\tname='g103476-planeligeslouno[]'\n\t\t\t\t\t\t\t\tvalue='Semestral $ 45.000.- Ediciones anteriores - Descargas - Formatos JPG y PDF' class='checkbox-multiple  grunion-field'  \/> <span style=\"\" class='grunion-checkbox-multiple-label checkbox-multiple'><span class='grunion-field-text'>Semestral $ 45.000.- Ediciones anteriores - Descargas - Formatos JPG y PDF<\/span><\/span><\/label><label class='contact-form-field'><input\n\t\t\t\t\t\t\t\tid='g103476-planeligeslouno-Anual88000-Edicionesanteriores-Descargas-FormatosJPGyPDF'\n\t\t\t\t\t\t\t\tdata-wp-on--change='actions.onMultipleFieldChange'\n\t\t\t\t\t\t\t\ttype='checkbox'\n\t\t\t\t\t\t\t\tname='g103476-planeligeslouno[]'\n\t\t\t\t\t\t\t\tvalue='Anual $ 88.000.- Ediciones anteriores - Descargas - Formatos JPG y PDF' class='checkbox-multiple  grunion-field'  \/> <span style=\"\" class='grunion-checkbox-multiple-label checkbox-multiple'><span class='grunion-field-text'>Anual $ 88.000.- Ediciones anteriores - Descargas - Formatos JPG y PDF<\/span><\/span><\/label><\/div>\n\t\t\t<div id=\"g103476-planeligeslouno-select-error\" class=\"contact-form__input-error\" data-wp-class--has-errors=\"state.fieldHasErrors\">\n\t\t\t\t<span class=\"contact-form__warning-icon\" aria-hidden=\"true\">\n\t\t\t\t\t<svg width=\"16\" height=\"16\" viewBox=\"0 0 16 16\" fill=\"none\" xmlns=\"http:\/\/www.w3.org\/2000\/svg\">\n\t\t\t\t\t\t<path d=\"M8.50015 11.6402H7.50015V10.6402H8.50015V11.6402Z\" \/>\n\t\t\t\t\t\t<path d=\"M7.50015 9.64018H8.50015V6.30684H7.50015V9.64018Z\" \/>\n\t\t\t\t\t\t<path fill-rule=\"evenodd\" clip-rule=\"evenodd\" d=\"M6.98331 3.0947C7.42933 2.30177 8.57096 2.30177 9.01698 3.09469L13.8771 11.7349C14.3145 12.5126 13.7525 13.4735 12.8602 13.4735H3.14004C2.24774 13.4735 1.68575 12.5126 2.12321 11.7349L6.98331 3.0947ZM8.14541 3.58496C8.08169 3.47168 7.9186 3.47168 7.85488 3.58496L2.99478 12.2251C2.93229 12.3362 3.01257 12.4735 3.14004 12.4735H12.8602C12.9877 12.4735 13.068 12.3362 13.0055 12.2251L8.14541 3.58496Z\" \/>\n\t\t\t\t\t<\/svg>\n\t\t\t\t<\/span>\n\t\t\t\t<span data-wp-text=\"state.errorMessage\" id=\"g103476-planeligeslouno-select-error-message\"><\/span>\n\t\t\t<\/div><\/fieldset>\t<\/div>\n\n<div style=\"\"  data-wp-interactive=\"jetpack\/form\" data-wp-context='{\"fieldId\":\"g103476-usuario\",\"fieldType\":\"name\",\"fieldLabel\":\"Usuario\",\"fieldValue\":\"\",\"fieldPlaceholder\":\"\",\"fieldIsRequired\":\"1\",\"fieldErrorMessage\":\"\",\"fieldExtra\":[],\"formHash\":\"1cb4b81fdd751040c596c633c2e2c1a117dcb3b0\"}'  class='grunion-field-name-wrap grunion-field-wrap'  data-wp-init='callbacks.initializeField' data-wp-on--jetpack-form-reset='callbacks.initializeField' >\n<label\n\t\t\t\tfor='g103476-usuario' class=\"grunion-field-label name\" >Usuario<span class=\"grunion-label-required\" aria-hidden=\"true\">(obligatorio)<\/span><\/label>\n<input\n\t\t\t\t\ttype='text'\n\t\t\t\t\tname='g103476-usuario'\n\t\t\t\t\tid='g103476-usuario'\n\t\t\t\t\tvalue=''\n\n\t\t\t\t\tdata-wp-bind--aria-invalid='state.fieldAriaInvalid'\n\t\t\t\t\tdata-wp-bind--value='state.getFieldValue'\n\t\t\t\t\taria-describedby='g103476-usuario-text-error-message'\n\t\t\t\t\tdata-wp-on--input='actions.onFieldChange'\n\t\t\t\t\tdata-wp-on--blur='actions.onFieldBlur'\n\t\t\t\t\tdata-wp-class--has-value='state.hasFieldValue'\n\n\t\t\t\t\tclass='name  grunion-field' \n\t\t\t\t\trequired='true' aria-required='true'  \/>\n \n\t\t\t<div id=\"g103476-usuario-text-error\" class=\"contact-form__input-error\" data-wp-class--has-errors=\"state.fieldHasErrors\">\n\t\t\t\t<span class=\"contact-form__warning-icon\" aria-hidden=\"true\">\n\t\t\t\t\t<svg width=\"16\" height=\"16\" viewBox=\"0 0 16 16\" fill=\"none\" xmlns=\"http:\/\/www.w3.org\/2000\/svg\">\n\t\t\t\t\t\t<path d=\"M8.50015 11.6402H7.50015V10.6402H8.50015V11.6402Z\" \/>\n\t\t\t\t\t\t<path d=\"M7.50015 9.64018H8.50015V6.30684H7.50015V9.64018Z\" \/>\n\t\t\t\t\t\t<path fill-rule=\"evenodd\" clip-rule=\"evenodd\" d=\"M6.98331 3.0947C7.42933 2.30177 8.57096 2.30177 9.01698 3.09469L13.8771 11.7349C14.3145 12.5126 13.7525 13.4735 12.8602 13.4735H3.14004C2.24774 13.4735 1.68575 12.5126 2.12321 11.7349L6.98331 3.0947ZM8.14541 3.58496C8.08169 3.47168 7.9186 3.47168 7.85488 3.58496L2.99478 12.2251C2.93229 12.3362 3.01257 12.4735 3.14004 12.4735H12.8602C12.9877 12.4735 13.068 12.3362 13.0055 12.2251L8.14541 3.58496Z\" \/>\n\t\t\t\t\t<\/svg>\n\t\t\t\t<\/span>\n\t\t\t\t<span data-wp-text=\"state.errorMessage\" id=\"g103476-usuario-text-error-message\"><\/span>\n\t\t\t<\/div> \n\t<\/div>\n\n<div style=\"\"  data-wp-interactive=\"jetpack\/form\" data-wp-context='{\"fieldId\":\"g103476-correoelectrnico\",\"fieldType\":\"email\",\"fieldLabel\":\"Correo electr\\u00f3nico\",\"fieldValue\":\"\",\"fieldPlaceholder\":\"\",\"fieldIsRequired\":\"1\",\"fieldErrorMessage\":\"\",\"fieldExtra\":[],\"formHash\":\"1cb4b81fdd751040c596c633c2e2c1a117dcb3b0\"}'  class='grunion-field-email-wrap grunion-field-wrap'  data-wp-init='callbacks.initializeField' data-wp-on--jetpack-form-reset='callbacks.initializeField' >\n<label\n\t\t\t\tfor='g103476-correoelectrnico' class=\"grunion-field-label email\" >Correo electr\u00f3nico<span class=\"grunion-label-required\" aria-hidden=\"true\">(obligatorio)<\/span><\/label>\n<input\n\t\t\t\t\ttype='email'\n\t\t\t\t\tname='g103476-correoelectrnico'\n\t\t\t\t\tid='g103476-correoelectrnico'\n\t\t\t\t\tvalue=''\n\n\t\t\t\t\tdata-wp-bind--aria-invalid='state.fieldAriaInvalid'\n\t\t\t\t\tdata-wp-bind--value='state.getFieldValue'\n\t\t\t\t\taria-describedby='g103476-correoelectrnico-email-error-message'\n\t\t\t\t\tdata-wp-on--input='actions.onFieldChange'\n\t\t\t\t\tdata-wp-on--blur='actions.onFieldBlur'\n\t\t\t\t\tdata-wp-class--has-value='state.hasFieldValue'\n\n\t\t\t\t\tclass='email  grunion-field' \n\t\t\t\t\trequired='true' aria-required='true'  \/>\n \n\t\t\t<div id=\"g103476-correoelectrnico-email-error\" class=\"contact-form__input-error\" data-wp-class--has-errors=\"state.fieldHasErrors\">\n\t\t\t\t<span class=\"contact-form__warning-icon\" aria-hidden=\"true\">\n\t\t\t\t\t<svg width=\"16\" height=\"16\" viewBox=\"0 0 16 16\" fill=\"none\" xmlns=\"http:\/\/www.w3.org\/2000\/svg\">\n\t\t\t\t\t\t<path d=\"M8.50015 11.6402H7.50015V10.6402H8.50015V11.6402Z\" \/>\n\t\t\t\t\t\t<path d=\"M7.50015 9.64018H8.50015V6.30684H7.50015V9.64018Z\" \/>\n\t\t\t\t\t\t<path fill-rule=\"evenodd\" clip-rule=\"evenodd\" d=\"M6.98331 3.0947C7.42933 2.30177 8.57096 2.30177 9.01698 3.09469L13.8771 11.7349C14.3145 12.5126 13.7525 13.4735 12.8602 13.4735H3.14004C2.24774 13.4735 1.68575 12.5126 2.12321 11.7349L6.98331 3.0947ZM8.14541 3.58496C8.08169 3.47168 7.9186 3.47168 7.85488 3.58496L2.99478 12.2251C2.93229 12.3362 3.01257 12.4735 3.14004 12.4735H12.8602C12.9877 12.4735 13.068 12.3362 13.0055 12.2251L8.14541 3.58496Z\" \/>\n\t\t\t\t\t<\/svg>\n\t\t\t\t<\/span>\n\t\t\t\t<span data-wp-text=\"state.errorMessage\" id=\"g103476-correoelectrnico-email-error-message\"><\/span>\n\t\t\t<\/div> \n\t<\/div>\n\n<div style=\"\"  data-wp-interactive=\"jetpack\/form\" data-wp-context='{\"fieldId\":\"g103476-contrasea\",\"fieldType\":\"name\",\"fieldLabel\":\"Contrase\\u00f1a\",\"fieldValue\":\"\",\"fieldPlaceholder\":\"\",\"fieldIsRequired\":\"1\",\"fieldErrorMessage\":\"\",\"fieldExtra\":[],\"formHash\":\"1cb4b81fdd751040c596c633c2e2c1a117dcb3b0\"}'  class='grunion-field-name-wrap grunion-field-wrap'  data-wp-init='callbacks.initializeField' data-wp-on--jetpack-form-reset='callbacks.initializeField' >\n<label\n\t\t\t\tfor='g103476-contrasea' class=\"grunion-field-label name\" >Contrase\u00f1a<span class=\"grunion-label-required\" aria-hidden=\"true\">(obligatorio)<\/span><\/label>\n<input\n\t\t\t\t\ttype='text'\n\t\t\t\t\tname='g103476-contrasea'\n\t\t\t\t\tid='g103476-contrasea'\n\t\t\t\t\tvalue=''\n\n\t\t\t\t\tdata-wp-bind--aria-invalid='state.fieldAriaInvalid'\n\t\t\t\t\tdata-wp-bind--value='state.getFieldValue'\n\t\t\t\t\taria-describedby='g103476-contrasea-text-error-message'\n\t\t\t\t\tdata-wp-on--input='actions.onFieldChange'\n\t\t\t\t\tdata-wp-on--blur='actions.onFieldBlur'\n\t\t\t\t\tdata-wp-class--has-value='state.hasFieldValue'\n\n\t\t\t\t\tclass='name  grunion-field' \n\t\t\t\t\trequired='true' aria-required='true'  \/>\n \n\t\t\t<div id=\"g103476-contrasea-text-error\" class=\"contact-form__input-error\" data-wp-class--has-errors=\"state.fieldHasErrors\">\n\t\t\t\t<span class=\"contact-form__warning-icon\" aria-hidden=\"true\">\n\t\t\t\t\t<svg width=\"16\" height=\"16\" viewBox=\"0 0 16 16\" fill=\"none\" xmlns=\"http:\/\/www.w3.org\/2000\/svg\">\n\t\t\t\t\t\t<path d=\"M8.50015 11.6402H7.50015V10.6402H8.50015V11.6402Z\" \/>\n\t\t\t\t\t\t<path d=\"M7.50015 9.64018H8.50015V6.30684H7.50015V9.64018Z\" \/>\n\t\t\t\t\t\t<path fill-rule=\"evenodd\" clip-rule=\"evenodd\" d=\"M6.98331 3.0947C7.42933 2.30177 8.57096 2.30177 9.01698 3.09469L13.8771 11.7349C14.3145 12.5126 13.7525 13.4735 12.8602 13.4735H3.14004C2.24774 13.4735 1.68575 12.5126 2.12321 11.7349L6.98331 3.0947ZM8.14541 3.58496C8.08169 3.47168 7.9186 3.47168 7.85488 3.58496L2.99478 12.2251C2.93229 12.3362 3.01257 12.4735 3.14004 12.4735H12.8602C12.9877 12.4735 13.068 12.3362 13.0055 12.2251L8.14541 3.58496Z\" \/>\n\t\t\t\t\t<\/svg>\n\t\t\t\t<\/span>\n\t\t\t\t<span data-wp-text=\"state.errorMessage\" id=\"g103476-contrasea-text-error-message\"><\/span>\n\t\t\t<\/div> \n\t<\/div>\n\t<p class='contact-submit'>\n<div class=\"contact-form__error\" data-wp-class--show-errors=\"state.showFormErrors\"><span class=\"contact-form__warning-icon\" aria-hidden=\"true\"><i><\/i><\/span><span class=\"contact-form__error-message\" tabindex=\"-1\" data-wp-watch=\"callbacks.focusOnValidationError\" data-wp-text=\"state.getFormErrorMessage\"><\/span><ul aria-label=\"Errores del formulario\">\n\t\t\t\t<template data-wp-each=\"state.getErrorList\" data-wp-key=\"context.item.id\">\n\t\t\t\t\t<li><a data-wp-bind--href=\"context.item.anchor\" data-wp-on--click=\"actions.scrollIntoView\" data-wp-text=\"context.item.label\"><\/a><\/li>\n\t\t\t\t<\/template>\n\t\t\t\t<\/ul><\/div><div class=\"contact-form__error\" data-wp-class--show-errors=\"state.showSubmissionError\" data-wp-text=\"context.submissionError\" tabindex=\"-1\" data-wp-watch=\"callbacks.focusOnSubmissionError\"><\/div>\t\t<button type='submit' class='pushbutton-wide'>Enviar<\/button>\t\t<input type='hidden' name='contact-form-id' value='103476' \/>\n\t\t<input type='hidden' name='action' value='grunion-contact-form' \/>\n\t\t<input type='hidden' name='contact-form-hash' value='1cb4b81fdd751040c596c633c2e2c1a117dcb3b0' \/>\n\t<\/p>\n<p style=\"display: none !important;\" class=\"akismet-fields-container\" data-prefix=\"ak_\"><label>&#916;<textarea name=\"ak_hp_textarea\" cols=\"45\" rows=\"8\" maxlength=\"100\"><\/textarea><\/label><input type=\"hidden\" id=\"ak_js_1\" name=\"ak_js\" value=\"182\"\/><script>document.getElementById( \"ak_js_1\" ).setAttribute( \"value\", ( new Date() ).getTime() );<\/script><\/p><\/form>\n<\/div>\n<p>&nbsp;<\/p>\n","protected":false},"excerpt":{"rendered":"<p>Si deseas renovar tu suscripci\u00f3n, puedes hacerlo v\u00eda transferencia bancaria a la cuenta corriente: Soc. de Comunicaciones El Trabajo Ltda. Rut: 76.066.363-8 Cta Cte. 40058059 Banco Scotiabank Correo: marcoajuric@gmail.com IMPORTANTE: Una vez&#8230;<\/p>\n","protected":false},"author":482,"featured_media":0,"parent":0,"menu_order":0,"comment_status":"closed","ping_status":"closed","template":"","meta":{"advanced_seo_description":"","jetpack_seo_html_title":"","jetpack_seo_noindex":false,"footnotes":""},"class_list":["post-103476","page","type-page","status-publish","hentry"],"jetpack_sharing_enabled":true,"jetpack_likes_enabled":true,"jetpack-related-posts":[],"_links":{"self":[{"href":"https:\/\/eltrabajo.cl\/portal\/wp-json\/wp\/v2\/pages\/103476","targetHints":{"allow":["GET"]}}],"collection":[{"href":"https:\/\/eltrabajo.cl\/portal\/wp-json\/wp\/v2\/pages"}],"about":[{"href":"https:\/\/eltrabajo.cl\/portal\/wp-json\/wp\/v2\/types\/page"}],"author":[{"embeddable":true,"href":"https:\/\/eltrabajo.cl\/portal\/wp-json\/wp\/v2\/users\/482"}],"replies":[{"embeddable":true,"href":"https:\/\/eltrabajo.cl\/portal\/wp-json\/wp\/v2\/comments?post=103476"}],"version-history":[{"count":1,"href":"https:\/\/eltrabajo.cl\/portal\/wp-json\/wp\/v2\/pages\/103476\/revisions"}],"predecessor-version":[{"id":128479,"href":"https:\/\/eltrabajo.cl\/portal\/wp-json\/wp\/v2\/pages\/103476\/revisions\/128479"}],"wp:attachment":[{"href":"https:\/\/eltrabajo.cl\/portal\/wp-json\/wp\/v2\/media?parent=103476"}],"curies":[{"name":"wp","href":"https:\/\/api.w.org\/{rel}","templated":true}]}}