{"id":104882,"date":"2020-12-17T11:53:15","date_gmt":"2020-12-17T14:53:15","guid":{"rendered":"https:\/\/www.eltrabajo.cl\/portal\/?page_id=104882"},"modified":"2025-02-18T19:06:44","modified_gmt":"2025-02-18T22:06:44","slug":"avis","status":"publish","type":"page","link":"https:\/\/eltrabajo.cl\/portal\/avis\/","title":{"rendered":"avis"},"content":{"rendered":"<p>Para establecer una nueva contrase\u00f1a, deber\u00e1 enviar su nombre de <strong>usuario<\/strong> y <strong>correo electr\u00f3nico<\/strong> al WhatsApp +56984795521. Recibir\u00e1 una nueva clave provisoria con la cual deber\u00e1 iniciar sesi\u00f3n. Una vez que ingrese podr\u00e1 cambiar su contrase\u00f1a en el siguiente vinculo: <a href=\"https:\/\/eltrabajo.cl\/web\/account\/profile\/\">https:\/\/eltrabajo.cl\/web\/account\/profile\/\u00a0<\/a><\/p>\n","protected":false},"excerpt":{"rendered":"<p>Para establecer una nueva contrase\u00f1a, deber\u00e1 enviar su nombre de usuario y correo electr\u00f3nico al WhatsApp +56984795521. Recibir\u00e1 una nueva clave provisoria con la cual deber\u00e1 iniciar sesi\u00f3n. Una vez que ingrese&#8230;<\/p>\n","protected":false},"author":482,"featured_media":0,"parent":0,"menu_order":0,"comment_status":"closed","ping_status":"closed","template":"","meta":{"advanced_seo_description":"","jetpack_seo_html_title":"","jetpack_seo_noindex":false,"footnotes":""},"class_list":["post-104882","page","type-page","status-publish","hentry"],"jetpack_sharing_enabled":true,"jetpack_likes_enabled":true,"jetpack-related-posts":[],"_links":{"self":[{"href":"https:\/\/eltrabajo.cl\/portal\/wp-json\/wp\/v2\/pages\/104882","targetHints":{"allow":["GET"]}}],"collection":[{"href":"https:\/\/eltrabajo.cl\/portal\/wp-json\/wp\/v2\/pages"}],"about":[{"href":"https:\/\/eltrabajo.cl\/portal\/wp-json\/wp\/v2\/types\/page"}],"author":[{"embeddable":true,"href":"https:\/\/eltrabajo.cl\/portal\/wp-json\/wp\/v2\/users\/482"}],"replies":[{"embeddable":true,"href":"https:\/\/eltrabajo.cl\/portal\/wp-json\/wp\/v2\/comments?post=104882"}],"version-history":[{"count":4,"href":"https:\/\/eltrabajo.cl\/portal\/wp-json\/wp\/v2\/pages\/104882\/revisions"}],"predecessor-version":[{"id":128708,"href":"https:\/\/eltrabajo.cl\/portal\/wp-json\/wp\/v2\/pages\/104882\/revisions\/128708"}],"wp:attachment":[{"href":"https:\/\/eltrabajo.cl\/portal\/wp-json\/wp\/v2\/media?parent=104882"}],"curies":[{"name":"wp","href":"https:\/\/api.w.org\/{rel}","templated":true}]}}