{"id":101597,"date":"2020-08-06T04:10:03","date_gmt":"2020-08-06T08:10:03","guid":{"rendered":"https:\/\/www.eltrabajo.cl\/portal\/?page_id=101597"},"modified":"2025-03-19T12:47:28","modified_gmt":"2025-03-19T15:47:28","slug":"formato-jpg","status":"publish","type":"page","link":"https:\/\/eltrabajo.cl\/web\/formato-jpg\/","title":{"rendered":"Edici\u00f3n JPG"},"content":{"rendered":"<p>Lo sentimos, este contenido est\u00e1 restringido para usuarios que no est\u00e9n registrados en alguno de nuestros planes de suscripci\u00f3n. Puedes registrarte pagando v\u00eda transferencia bancaria haciendo click <a href=\"https:\/\/eltrabajo.cl\/web\/renovar\/\">aqu\u00ed<\/a>, o puedes registrarte pagando a trav\u00e9s de Webpay haciendo click <a href=\"https:\/\/eltrabajo.cl\/web\/regism\/\">aqu\u00ed.<\/a><\/p>\n","protected":false},"excerpt":{"rendered":"<p>Lo sentimos, este contenido est\u00e1 restringido para usuarios que no est\u00e9n registrados en alguno de nuestros planes de suscripci\u00f3n. Puedes registrarte pagando v\u00eda transferencia bancaria haciendo click aqu\u00ed, o puedes registrarte pagando a trav\u00e9s de Webpay haciendo click aqu\u00ed.<\/p>\n","protected":false},"author":1,"featured_media":0,"parent":0,"menu_order":0,"comment_status":"closed","ping_status":"closed","template":"","meta":{"footnotes":""},"class_list":["post-101597","page","type-page","status-publish"],"yoast_head":"<!-- This site is optimized with the Yoast SEO plugin v27.3 - https:\/\/yoast.com\/product\/yoast-seo-wordpress\/ -->\n<title>Edici\u00f3n JPG - Diario El Trabajo<\/title>\n<meta name=\"robots\" content=\"index, follow, max-snippet:-1, max-image-preview:large, max-video-preview:-1\" \/>\n<link rel=\"canonical\" href=\"https:\/\/eltrabajo.cl\/web\/formato-jpg\/\" \/>\n<meta property=\"og:locale\" content=\"es_ES\" \/>\n<meta property=\"og:type\" content=\"article\" \/>\n<meta property=\"og:title\" content=\"Edici\u00f3n JPG - Diario El Trabajo\" \/>\n<meta property=\"og:description\" content=\"Lo sentimos, este contenido est\u00e1 restringido para usuarios que no est\u00e9n registrados en alguno de nuestros planes de suscripci\u00f3n. Puedes registrarte pagando v\u00eda transferencia bancaria haciendo click aqu\u00ed, o puedes registrarte pagando a trav\u00e9s de Webpay haciendo click aqu\u00ed.\" \/>\n<meta property=\"og:url\" content=\"https:\/\/eltrabajo.cl\/web\/formato-jpg\/\" \/>\n<meta property=\"og:site_name\" content=\"Diario El Trabajo\" \/>\n<meta property=\"article:publisher\" content=\"https:\/\/www.facebook.com\/ElTrabajoDiario\" \/>\n<meta property=\"article:modified_time\" content=\"2025-03-19T15:47:28+00:00\" \/>\n<meta name=\"twitter:card\" content=\"summary_large_image\" \/>\n<meta name=\"twitter:site\" content=\"@diarioeltrabajo\" \/>\n<meta name=\"twitter:label1\" content=\"Tiempo estimado de lectura\" \/>\n\t<meta name=\"twitter:data1\" content=\"1 minuto\" \/>\n<script type=\"application\/ld+json\" class=\"yoast-schema-graph\">{\"@context\":\"https:\\\/\\\/schema.org\",\"@graph\":[{\"@type\":\"WebPage\",\"@id\":\"https:\\\/\\\/eltrabajo.cl\\\/web\\\/formato-jpg\\\/\",\"url\":\"https:\\\/\\\/eltrabajo.cl\\\/web\\\/formato-jpg\\\/\",\"name\":\"Edici\u00f3n JPG - Diario El Trabajo\",\"isPartOf\":{\"@id\":\"https:\\\/\\\/eltrabajo.cl\\\/web\\\/#website\"},\"datePublished\":\"2020-08-06T08:10:03+00:00\",\"dateModified\":\"2025-03-19T15:47:28+00:00\",\"breadcrumb\":{\"@id\":\"https:\\\/\\\/eltrabajo.cl\\\/web\\\/formato-jpg\\\/#breadcrumb\"},\"inLanguage\":\"es-CL\",\"potentialAction\":[{\"@type\":\"ReadAction\",\"target\":[\"https:\\\/\\\/eltrabajo.cl\\\/web\\\/formato-jpg\\\/\"]}]},{\"@type\":\"BreadcrumbList\",\"@id\":\"https:\\\/\\\/eltrabajo.cl\\\/web\\\/formato-jpg\\\/#breadcrumb\",\"itemListElement\":[{\"@type\":\"ListItem\",\"position\":1,\"name\":\"Portada\",\"item\":\"https:\\\/\\\/eltrabajo.cl\\\/web\\\/\"},{\"@type\":\"ListItem\",\"position\":2,\"name\":\"Edici\u00f3n JPG\"}]},{\"@type\":\"WebSite\",\"@id\":\"https:\\\/\\\/eltrabajo.cl\\\/web\\\/#website\",\"url\":\"https:\\\/\\\/eltrabajo.cl\\\/web\\\/\",\"name\":\"Diario El Trabajo\",\"description\":\"Desde 1929 construyendo Identidad Local\",\"publisher\":{\"@id\":\"https:\\\/\\\/eltrabajo.cl\\\/web\\\/#organization\"},\"potentialAction\":[{\"@type\":\"SearchAction\",\"target\":{\"@type\":\"EntryPoint\",\"urlTemplate\":\"https:\\\/\\\/eltrabajo.cl\\\/web\\\/?s={search_term_string}\"},\"query-input\":{\"@type\":\"PropertyValueSpecification\",\"valueRequired\":true,\"valueName\":\"search_term_string\"}}],\"inLanguage\":\"es-CL\"},{\"@type\":\"Organization\",\"@id\":\"https:\\\/\\\/eltrabajo.cl\\\/web\\\/#organization\",\"name\":\"Diario El Trabajo\",\"url\":\"https:\\\/\\\/eltrabajo.cl\\\/web\\\/\",\"logo\":{\"@type\":\"ImageObject\",\"inLanguage\":\"es-CL\",\"@id\":\"https:\\\/\\\/eltrabajo.cl\\\/web\\\/#\\\/schema\\\/logo\\\/image\\\/\",\"url\":\"https:\\\/\\\/eltrabajo.cl\\\/web\\\/wp-content\\\/uploads\\\/2024\\\/06\\\/profile-image-ig-page-diarioeltrabajo.jpg\",\"contentUrl\":\"https:\\\/\\\/eltrabajo.cl\\\/web\\\/wp-content\\\/uploads\\\/2024\\\/06\\\/profile-image-ig-page-diarioeltrabajo.jpg\",\"width\":823,\"height\":823,\"caption\":\"Diario El Trabajo\"},\"image\":{\"@id\":\"https:\\\/\\\/eltrabajo.cl\\\/web\\\/#\\\/schema\\\/logo\\\/image\\\/\"},\"sameAs\":[\"https:\\\/\\\/www.facebook.com\\\/ElTrabajoDiario\",\"https:\\\/\\\/x.com\\\/diarioeltrabajo\"]}]}<\/script>\n<!-- \/ Yoast SEO plugin. -->","yoast_head_json":{"title":"Edici\u00f3n JPG - Diario El Trabajo","robots":{"index":"index","follow":"follow","max-snippet":"max-snippet:-1","max-image-preview":"max-image-preview:large","max-video-preview":"max-video-preview:-1"},"canonical":"https:\/\/eltrabajo.cl\/web\/formato-jpg\/","og_locale":"es_ES","og_type":"article","og_title":"Edici\u00f3n JPG - Diario El Trabajo","og_description":"Lo sentimos, este contenido est\u00e1 restringido para usuarios que no est\u00e9n registrados en alguno de nuestros planes de suscripci\u00f3n. Puedes registrarte pagando v\u00eda transferencia bancaria haciendo click aqu\u00ed, o puedes registrarte pagando a trav\u00e9s de Webpay haciendo click aqu\u00ed.","og_url":"https:\/\/eltrabajo.cl\/web\/formato-jpg\/","og_site_name":"Diario El Trabajo","article_publisher":"https:\/\/www.facebook.com\/ElTrabajoDiario","article_modified_time":"2025-03-19T15:47:28+00:00","twitter_card":"summary_large_image","twitter_site":"@diarioeltrabajo","twitter_misc":{"Tiempo estimado de lectura":"1 minuto"},"schema":{"@context":"https:\/\/schema.org","@graph":[{"@type":"WebPage","@id":"https:\/\/eltrabajo.cl\/web\/formato-jpg\/","url":"https:\/\/eltrabajo.cl\/web\/formato-jpg\/","name":"Edici\u00f3n JPG - Diario El Trabajo","isPartOf":{"@id":"https:\/\/eltrabajo.cl\/web\/#website"},"datePublished":"2020-08-06T08:10:03+00:00","dateModified":"2025-03-19T15:47:28+00:00","breadcrumb":{"@id":"https:\/\/eltrabajo.cl\/web\/formato-jpg\/#breadcrumb"},"inLanguage":"es-CL","potentialAction":[{"@type":"ReadAction","target":["https:\/\/eltrabajo.cl\/web\/formato-jpg\/"]}]},{"@type":"BreadcrumbList","@id":"https:\/\/eltrabajo.cl\/web\/formato-jpg\/#breadcrumb","itemListElement":[{"@type":"ListItem","position":1,"name":"Portada","item":"https:\/\/eltrabajo.cl\/web\/"},{"@type":"ListItem","position":2,"name":"Edici\u00f3n JPG"}]},{"@type":"WebSite","@id":"https:\/\/eltrabajo.cl\/web\/#website","url":"https:\/\/eltrabajo.cl\/web\/","name":"Diario El Trabajo","description":"Desde 1929 construyendo Identidad Local","publisher":{"@id":"https:\/\/eltrabajo.cl\/web\/#organization"},"potentialAction":[{"@type":"SearchAction","target":{"@type":"EntryPoint","urlTemplate":"https:\/\/eltrabajo.cl\/web\/?s={search_term_string}"},"query-input":{"@type":"PropertyValueSpecification","valueRequired":true,"valueName":"search_term_string"}}],"inLanguage":"es-CL"},{"@type":"Organization","@id":"https:\/\/eltrabajo.cl\/web\/#organization","name":"Diario El Trabajo","url":"https:\/\/eltrabajo.cl\/web\/","logo":{"@type":"ImageObject","inLanguage":"es-CL","@id":"https:\/\/eltrabajo.cl\/web\/#\/schema\/logo\/image\/","url":"https:\/\/eltrabajo.cl\/web\/wp-content\/uploads\/2024\/06\/profile-image-ig-page-diarioeltrabajo.jpg","contentUrl":"https:\/\/eltrabajo.cl\/web\/wp-content\/uploads\/2024\/06\/profile-image-ig-page-diarioeltrabajo.jpg","width":823,"height":823,"caption":"Diario El Trabajo"},"image":{"@id":"https:\/\/eltrabajo.cl\/web\/#\/schema\/logo\/image\/"},"sameAs":["https:\/\/www.facebook.com\/ElTrabajoDiario","https:\/\/x.com\/diarioeltrabajo"]}]}},"_links":{"self":[{"href":"https:\/\/eltrabajo.cl\/web\/wp-json\/wp\/v2\/pages\/101597","targetHints":{"allow":["GET"]}}],"collection":[{"href":"https:\/\/eltrabajo.cl\/web\/wp-json\/wp\/v2\/pages"}],"about":[{"href":"https:\/\/eltrabajo.cl\/web\/wp-json\/wp\/v2\/types\/page"}],"author":[{"embeddable":true,"href":"https:\/\/eltrabajo.cl\/web\/wp-json\/wp\/v2\/users\/1"}],"replies":[{"embeddable":true,"href":"https:\/\/eltrabajo.cl\/web\/wp-json\/wp\/v2\/comments?post=101597"}],"version-history":[{"count":12,"href":"https:\/\/eltrabajo.cl\/web\/wp-json\/wp\/v2\/pages\/101597\/revisions"}],"predecessor-version":[{"id":137617,"href":"https:\/\/eltrabajo.cl\/web\/wp-json\/wp\/v2\/pages\/101597\/revisions\/137617"}],"wp:attachment":[{"href":"https:\/\/eltrabajo.cl\/web\/wp-json\/wp\/v2\/media?parent=101597"}],"curies":[{"name":"wp","href":"https:\/\/api.w.org\/{rel}","templated":true}]}}