{"id":114442,"date":"2022-05-16T13:00:46","date_gmt":"2022-05-16T17:00:46","guid":{"rendered":"https:\/\/eltrabajo.cl\/portal\/?page_id=114442"},"modified":"2022-05-16T13:00:46","modified_gmt":"2022-05-16T17:00:46","slug":"anual-basico","status":"publish","type":"page","link":"https:\/\/eltrabajo.cl\/web\/anual-basico\/","title":{"rendered":"NUEVO PLAN ANUAL B\u00c1SICO"},"content":{"rendered":"<p>Ingrese los datos solicitados y recuerde anotar el Nombre de Usuario y Contrase\u00f1a que elija, pues son sus credenciales que le permitir\u00e1n acceder a su plan.<\/p>\n<p><span style=\"color: #ff0000;\"><strong> IMPORTANTE:<\/strong> <\/span>Si no puede ver el formulario de registro, deber\u00e1 cerrar sesi\u00f3n dando click en el men\u00fa MI CUENTA en la parte superior derecha de esta p\u00e1gina, y luego dar click en SALIR.<\/p>\n\n<form id=\"pms_register-form\" class=\"pms-form  pms-register-form-top-plans\" method=\"POST\">\n\n    \n    <input type=\"hidden\" id=\"pmstkn\" name=\"pmstkn\" value=\"326d050993\" \/><input type=\"hidden\" name=\"_wp_http_referer\" value=\"\/web\/wp-json\/wp\/v2\/pages\/114442\" \/>\n    <ul class=\"pms-form-fields-wrapper\">\n\n        <li class=\"pms-field pms-field-subscriptions \"><div class=\"pms-subscription-plan pms-hidden pms-subscription-plan-114500\"><input type=\"hidden\" name=\"subscription_plans\" data-price=\"10000\" data-duration=\"12\" data-fixed_membership=\"\" data-allow_renew=\"\" data-sign_up_fee=\"0\" data-trial=\"0\" data-recurring=\"0\"  value=\"114500\" \/><label><span class=\"pms-subscription-plan-name\">Anual B\u00e1sico<\/span><span class=\"pms-subscription-plan-price\"><span class=\"pms-divider\"> - <\/span><span class=\"pms-subscription-plan-currency\">&#36;<\/span> <span class=\"pms-subscription-plan-price-value\">10,000<\/span><span class=\"pms-divider pms-duration-divider\"> \/ <\/span><span class=\"pms-subscription-plan-duration\">12 Meses<\/span><\/span><span class=\"pms-subscription-plan-trial\"><\/span><span class=\"pms-subscription-plan-sign-up-fee\"><\/span><\/label><div class=\"pms-subscription-plan-description\">Acceso a edici\u00f3n del d\u00eda en JPG o PDF por todo un a\u00f1o<\/div><\/div><div class=\"pms-subscription-plan-auto-renew\"><label><input name=\"pms_recurring\" type=\"checkbox\" value=\"1\"  \/>\nRenovar suscripci\u00f3n autom\u00e1ticamente<\/label><\/div><input type=\"hidden\" name=\"pms_default_recurring\" value=\"1\" \/><\/li>\n        \n        <div class=\"pms-account-section-wrapper\">\n            \n                        <li class=\"pms-field pms-user-login-field \">\n                <label for=\"pms_user_login\">Usuario *<\/label>\n                <input id=\"pms_user_login\" name=\"user_login\" type=\"text\" value=\"\" \/>\n\n                            <\/li>\n\n                        <li class=\"pms-field pms-user-email-field \">\n                <label for=\"pms_user_email\">E-mail *<\/label>\n                <input id=\"pms_user_email\" name=\"user_email\" type=\"text\" value=\"\" \/>\n\n                            <\/li>\n\n                        <li class=\"pms-field pms-first-name-field \">\n                <label for=\"pms_first_name\">Nombre<\/label>\n                <input id=\"pms_first_name\" name=\"first_name\" type=\"text\" value=\"\" \/>\n\n                            <\/li>\n\n                        <li class=\"pms-field pms-last-name-field \">\n                <label for=\"pms_last_name\">Apellido<\/label>\n                <input id=\"pms_last_name\" name=\"last_name\" type=\"text\" value=\"\" \/>\n\n                            <\/li>\n\n                        <li class=\"pms-field pms-pass1-field \">\n                <label for=\"pms_pass1\">Contrase\u00f1a *<\/label>\n                <input id=\"pms_pass1\" name=\"pass1\" type=\"password\" \/>\n\n                \n                            <\/li>\n\n                        <li class=\"pms-field pms-pass2-field \">\n                <label for=\"pms_pass2\">Repetir Contrase\u00f1a *<\/label>\n                <input id=\"pms_pass2\" name=\"pass2\" type=\"password\" \/>\n\n                            <\/li>\n\n                    <\/div>\n\n        \n        \n    <\/ul>\n\n    <span id=\"pms-submit-button-loading-placeholder-text\" style=\"display: none;\">Processing. Please wait...<\/span><div class=\"pms-paygates-holder\"><div id=\"pms-paygates-wrapper\"><input type=\"hidden\" class=\"pms_pay_gate\" name=\"pay_gate\" value=\"manual\" data-sign_up_fee=\"1\" data-trial=\"1\" data-recurring=\"1\"  \/><\/div><\/div><div id=\"pms-recaptcha-register-wrapper\" class=\"pms-field\"><div id=\"pms-recaptcha-register\" class=\"pms-recaptcha g-recaptcha\" data-sitekey=\"6Lfp8LgZAAAAAOT8GKNAVlffRtHHugvgyFuEc4Qd\" data-theme=\"light\" data-size=\"normal\"><\/div><\/div>\n            <input class=\"pms-form-submit\" name=\"pms_register\" type=\"submit\" value=\"Registrarse\" \/>\n    \n<\/form>\n\n<form action=\"https:\/\/webpay3g.transbank.cl\/filtroUnificado\/buttonService\" method=\"post\" name=\"btnPago\"><\/form>\n","protected":false},"excerpt":{"rendered":"<p>Ingrese los datos solicitados y recuerde anotar el Nombre de Usuario y Contrase\u00f1a que elija, pues son sus credenciales que le permitir\u00e1n acceder a su plan. IMPORTANTE: Si no puede ver el formulario de registro, deber\u00e1 cerrar sesi\u00f3n dando click en el men\u00fa MI CUENTA en la parte superior derecha de esta p\u00e1gina, y luego [&hellip;]<\/p>\n","protected":false},"author":1,"featured_media":0,"parent":0,"menu_order":0,"comment_status":"closed","ping_status":"closed","template":"","meta":{"footnotes":""},"class_list":["post-114442","page","type-page","status-publish"],"yoast_head":"<!-- This site is optimized with the Yoast SEO plugin v27.4 - https:\/\/yoast.com\/product\/yoast-seo-wordpress\/ -->\n<title>NUEVO PLAN ANUAL B\u00c1SICO - Diario El Trabajo<\/title>\n<meta name=\"robots\" content=\"index, follow, max-snippet:-1, max-image-preview:large, max-video-preview:-1\" \/>\n<link rel=\"canonical\" href=\"https:\/\/eltrabajo.cl\/web\/anual-basico\/\" \/>\n<meta property=\"og:locale\" content=\"es_ES\" \/>\n<meta property=\"og:type\" content=\"article\" \/>\n<meta property=\"og:title\" content=\"NUEVO PLAN ANUAL B\u00c1SICO - Diario El Trabajo\" \/>\n<meta property=\"og:description\" content=\"Ingrese los datos solicitados y recuerde anotar el Nombre de Usuario y Contrase\u00f1a que elija, pues son sus credenciales que le permitir\u00e1n acceder a su plan. IMPORTANTE: Si no puede ver el formulario de registro, deber\u00e1 cerrar sesi\u00f3n dando click en el men\u00fa MI CUENTA en la parte superior derecha de esta p\u00e1gina, y luego [&hellip;]\" \/>\n<meta property=\"og:url\" content=\"https:\/\/eltrabajo.cl\/web\/anual-basico\/\" \/>\n<meta property=\"og:site_name\" content=\"Diario El Trabajo\" \/>\n<meta property=\"article:publisher\" content=\"https:\/\/www.facebook.com\/ElTrabajoDiario\" \/>\n<meta name=\"twitter:card\" content=\"summary_large_image\" \/>\n<meta name=\"twitter:site\" content=\"@diarioeltrabajo\" \/>\n<script type=\"application\/ld+json\" class=\"yoast-schema-graph\">{\"@context\":\"https:\\\/\\\/schema.org\",\"@graph\":[{\"@type\":\"WebPage\",\"@id\":\"https:\\\/\\\/eltrabajo.cl\\\/web\\\/anual-basico\\\/\",\"url\":\"https:\\\/\\\/eltrabajo.cl\\\/web\\\/anual-basico\\\/\",\"name\":\"NUEVO PLAN ANUAL B\u00c1SICO - Diario El Trabajo\",\"isPartOf\":{\"@id\":\"https:\\\/\\\/eltrabajo.cl\\\/web\\\/#website\"},\"datePublished\":\"2022-05-16T17:00:46+00:00\",\"breadcrumb\":{\"@id\":\"https:\\\/\\\/eltrabajo.cl\\\/web\\\/anual-basico\\\/#breadcrumb\"},\"inLanguage\":\"es-CL\",\"potentialAction\":[{\"@type\":\"ReadAction\",\"target\":[\"https:\\\/\\\/eltrabajo.cl\\\/web\\\/anual-basico\\\/\"]}]},{\"@type\":\"BreadcrumbList\",\"@id\":\"https:\\\/\\\/eltrabajo.cl\\\/web\\\/anual-basico\\\/#breadcrumb\",\"itemListElement\":[{\"@type\":\"ListItem\",\"position\":1,\"name\":\"Portada\",\"item\":\"https:\\\/\\\/eltrabajo.cl\\\/web\\\/\"},{\"@type\":\"ListItem\",\"position\":2,\"name\":\"NUEVO PLAN ANUAL B\u00c1SICO\"}]},{\"@type\":\"WebSite\",\"@id\":\"https:\\\/\\\/eltrabajo.cl\\\/web\\\/#website\",\"url\":\"https:\\\/\\\/eltrabajo.cl\\\/web\\\/\",\"name\":\"Diario El Trabajo\",\"description\":\"Desde 1929 construyendo Identidad Local\",\"publisher\":{\"@id\":\"https:\\\/\\\/eltrabajo.cl\\\/web\\\/#organization\"},\"potentialAction\":[{\"@type\":\"SearchAction\",\"target\":{\"@type\":\"EntryPoint\",\"urlTemplate\":\"https:\\\/\\\/eltrabajo.cl\\\/web\\\/?s={search_term_string}\"},\"query-input\":{\"@type\":\"PropertyValueSpecification\",\"valueRequired\":true,\"valueName\":\"search_term_string\"}}],\"inLanguage\":\"es-CL\"},{\"@type\":\"Organization\",\"@id\":\"https:\\\/\\\/eltrabajo.cl\\\/web\\\/#organization\",\"name\":\"Diario El Trabajo\",\"url\":\"https:\\\/\\\/eltrabajo.cl\\\/web\\\/\",\"logo\":{\"@type\":\"ImageObject\",\"inLanguage\":\"es-CL\",\"@id\":\"https:\\\/\\\/eltrabajo.cl\\\/web\\\/#\\\/schema\\\/logo\\\/image\\\/\",\"url\":\"https:\\\/\\\/eltrabajo.cl\\\/web\\\/wp-content\\\/uploads\\\/2024\\\/06\\\/profile-image-ig-page-diarioeltrabajo.jpg\",\"contentUrl\":\"https:\\\/\\\/eltrabajo.cl\\\/web\\\/wp-content\\\/uploads\\\/2024\\\/06\\\/profile-image-ig-page-diarioeltrabajo.jpg\",\"width\":823,\"height\":823,\"caption\":\"Diario El Trabajo\"},\"image\":{\"@id\":\"https:\\\/\\\/eltrabajo.cl\\\/web\\\/#\\\/schema\\\/logo\\\/image\\\/\"},\"sameAs\":[\"https:\\\/\\\/www.facebook.com\\\/ElTrabajoDiario\",\"https:\\\/\\\/x.com\\\/diarioeltrabajo\"]}]}<\/script>\n<!-- \/ Yoast SEO plugin. -->","yoast_head_json":{"title":"NUEVO PLAN ANUAL B\u00c1SICO - Diario El Trabajo","robots":{"index":"index","follow":"follow","max-snippet":"max-snippet:-1","max-image-preview":"max-image-preview:large","max-video-preview":"max-video-preview:-1"},"canonical":"https:\/\/eltrabajo.cl\/web\/anual-basico\/","og_locale":"es_ES","og_type":"article","og_title":"NUEVO PLAN ANUAL B\u00c1SICO - Diario El Trabajo","og_description":"Ingrese los datos solicitados y recuerde anotar el Nombre de Usuario y Contrase\u00f1a que elija, pues son sus credenciales que le permitir\u00e1n acceder a su plan. IMPORTANTE: Si no puede ver el formulario de registro, deber\u00e1 cerrar sesi\u00f3n dando click en el men\u00fa MI CUENTA en la parte superior derecha de esta p\u00e1gina, y luego [&hellip;]","og_url":"https:\/\/eltrabajo.cl\/web\/anual-basico\/","og_site_name":"Diario El Trabajo","article_publisher":"https:\/\/www.facebook.com\/ElTrabajoDiario","twitter_card":"summary_large_image","twitter_site":"@diarioeltrabajo","schema":{"@context":"https:\/\/schema.org","@graph":[{"@type":"WebPage","@id":"https:\/\/eltrabajo.cl\/web\/anual-basico\/","url":"https:\/\/eltrabajo.cl\/web\/anual-basico\/","name":"NUEVO PLAN ANUAL B\u00c1SICO - Diario El Trabajo","isPartOf":{"@id":"https:\/\/eltrabajo.cl\/web\/#website"},"datePublished":"2022-05-16T17:00:46+00:00","breadcrumb":{"@id":"https:\/\/eltrabajo.cl\/web\/anual-basico\/#breadcrumb"},"inLanguage":"es-CL","potentialAction":[{"@type":"ReadAction","target":["https:\/\/eltrabajo.cl\/web\/anual-basico\/"]}]},{"@type":"BreadcrumbList","@id":"https:\/\/eltrabajo.cl\/web\/anual-basico\/#breadcrumb","itemListElement":[{"@type":"ListItem","position":1,"name":"Portada","item":"https:\/\/eltrabajo.cl\/web\/"},{"@type":"ListItem","position":2,"name":"NUEVO PLAN ANUAL B\u00c1SICO"}]},{"@type":"WebSite","@id":"https:\/\/eltrabajo.cl\/web\/#website","url":"https:\/\/eltrabajo.cl\/web\/","name":"Diario El Trabajo","description":"Desde 1929 construyendo Identidad Local","publisher":{"@id":"https:\/\/eltrabajo.cl\/web\/#organization"},"potentialAction":[{"@type":"SearchAction","target":{"@type":"EntryPoint","urlTemplate":"https:\/\/eltrabajo.cl\/web\/?s={search_term_string}"},"query-input":{"@type":"PropertyValueSpecification","valueRequired":true,"valueName":"search_term_string"}}],"inLanguage":"es-CL"},{"@type":"Organization","@id":"https:\/\/eltrabajo.cl\/web\/#organization","name":"Diario El Trabajo","url":"https:\/\/eltrabajo.cl\/web\/","logo":{"@type":"ImageObject","inLanguage":"es-CL","@id":"https:\/\/eltrabajo.cl\/web\/#\/schema\/logo\/image\/","url":"https:\/\/eltrabajo.cl\/web\/wp-content\/uploads\/2024\/06\/profile-image-ig-page-diarioeltrabajo.jpg","contentUrl":"https:\/\/eltrabajo.cl\/web\/wp-content\/uploads\/2024\/06\/profile-image-ig-page-diarioeltrabajo.jpg","width":823,"height":823,"caption":"Diario El Trabajo"},"image":{"@id":"https:\/\/eltrabajo.cl\/web\/#\/schema\/logo\/image\/"},"sameAs":["https:\/\/www.facebook.com\/ElTrabajoDiario","https:\/\/x.com\/diarioeltrabajo"]}]}},"_links":{"self":[{"href":"https:\/\/eltrabajo.cl\/web\/wp-json\/wp\/v2\/pages\/114442","targetHints":{"allow":["GET"]}}],"collection":[{"href":"https:\/\/eltrabajo.cl\/web\/wp-json\/wp\/v2\/pages"}],"about":[{"href":"https:\/\/eltrabajo.cl\/web\/wp-json\/wp\/v2\/types\/page"}],"author":[{"embeddable":true,"href":"https:\/\/eltrabajo.cl\/web\/wp-json\/wp\/v2\/users\/1"}],"replies":[{"embeddable":true,"href":"https:\/\/eltrabajo.cl\/web\/wp-json\/wp\/v2\/comments?post=114442"}],"version-history":[{"count":0,"href":"https:\/\/eltrabajo.cl\/web\/wp-json\/wp\/v2\/pages\/114442\/revisions"}],"wp:attachment":[{"href":"https:\/\/eltrabajo.cl\/web\/wp-json\/wp\/v2\/media?parent=114442"}],"curies":[{"name":"wp","href":"https:\/\/api.w.org\/{rel}","templated":true}]}}